{"id":3933,"date":"2015-11-29T21:15:07","date_gmt":"2015-11-29T19:15:07","guid":{"rendered":"http:\/\/mentora-sprachschule.de\/en\/?page_id=3933"},"modified":"2015-11-29T21:15:07","modified_gmt":"2015-11-29T19:15:07","slug":"datenschutz","status":"publish","type":"page","link":"https:\/\/mentora-sprachschule.de\/en\/datenschutz\/","title":{"rendered":"Datenschutz"},"content":{"rendered":"<h3>Datenschutzhinweise oder Datenschutzerkl\u00e4rung<\/h3>\n<p>&nbsp;<\/p>\n<p><b>Herzlich willkommen \u2013 wir freuen uns \u00fcber Ihren Besuch auf unserer Webseite.<\/b><\/p>\n<p>Der Schutz Ihrer pers\u00f6nlichen Daten ist uns sehr wichtig. Wir m\u00f6chten Ihnen nachfolgend erl\u00e4utern, welche Daten wir wann und zu welchem Zweck erheben, verarbeiten und nutzen.<\/p>\n<p>&nbsp;<\/p>\n<p><b>Verarbeitung Ihrer Daten<\/b><\/p>\n<p>Diese Website benutzt Google Analytics, einen Webanalysedienst der Google Inc. (\u201eGoogle\u201c). Google Analytics verwendet sog. \u201eCookies\u201c, Textdateien, die auf Ihrem Computer gespeichert werden und die eine Analyse der Benutzung der Website durch Sie erm\u00f6glichen. Die durch den Cookie erzeugten Informationen \u00fcber Ihre Benutzung dieser Website werden in der Regel an einen Server von Google in den USA \u00fcbertragen und dort gespeichert. Im Falle der Aktivierung der IP-Anonymisierung auf dieser Webseite, wird Ihre IP-Adresse von Google jedoch innerhalb von Mitgliedstaaten der Europ\u00e4ischen Union oder in anderen Vertragsstaaten des Abkommens \u00fcber den Europ\u00e4ischen Wirtschaftsraum zuvor gek\u00fcrzt. Nur in Ausnahmef\u00e4llen wird die volle IP-Adresse an einen Server von Google in den USA \u00fcbertragen und dort gek\u00fcrzt. Im Auftrag des Betreibers dieser Website wird Google diese Informationen benutzen, um Ihre Nutzung der Website auszuwerten, um Reports \u00fcber die Websiteaktivit\u00e4ten zusammenzustellen und um weitere mit der Websitenutzung und der Internetnutzung verbundene Dienstleistungen gegen\u00fcber dem Websitebetreiber zu erbringen.<\/p>\n<p>Die im Rahmen von Google Analytics von Ihrem Browser \u00fcbermittelte IP-Adresse wird nicht mit anderen Daten von Google zusammengef\u00fchrt. Sie k\u00f6nnen die Speicherung der Cookies durch eine entsprechende Einstellung Ihrer Browser-Software verhindern; wir weisen Sie jedoch darauf hin, dass Sie in diesem Fall gegebenenfalls nicht s\u00e4mtliche Funktionen dieser Website vollumf\u00e4nglich werden nutzen k\u00f6nnen.<\/p>\n<p>Sie k\u00f6nnen dar\u00fcber hinaus die Erfassung der durch das Cookie erzeugten und auf Ihre Nutzung der Website bezogenen Daten (inkl. Ihrer IP-Adresse) an Google sowie die Verarbeitung dieser Daten durch Google verhindern, indem sie das unter dem folgenden Link verf\u00fcgbare Browser-Plugin herunterladen und installieren. Der aktuelle Link ist <a href=\"http:\/\/tools.google.com\/dlpage\/gaoptout?hl=de\">http:\/\/tools.google.com\/dlpage\/gaoptout?hl=de<\/a>.<\/p>\n<p>&nbsp;<\/p>\n<p><strong>Einsatz von Cookies<\/strong><\/p>\n<p>Wir setzen auf unserer Webseite sogenannte &#8220;Cookies&#8221; ein, um Ihnen maximalen Bedienkomfort zu bieten und unser Online-Angebot auch in Zukunft attraktiv f\u00fcr Sie zu gestalten.<\/p>\n<p>Cookies sind Textdateien, die vom Browser auf Ihrem Computer gespeichert werden und Informationen \u00fcber Ihre Benutzung unserer Webseite enthalten. Mit einem Cookie verwalten und steuern wir beispielsweise Ihren Besuch auf unserer Website, damit z.B. die Fenster korrekt angezeigt werden und Sie unsere Website komfortabel nutzen k\u00f6nnen. Dieses Sitzungs-Cookie verf\u00e4llt nach zwei Wochen. Weitere Cookies setzen wir zu statistischen Zwecken ein. Diese verbleiben dauerhaft auf Ihrem Computer, sofern Sie sie nicht zuvor l\u00f6schen. \u00dcber diese Cookies werden keinerlei personenbezogene Daten ermittelt.<\/p>\n<p>In der Standard-Einstellung akzeptiert Ihr Browser Cookies, sodass Sie keine spezielle Einstellung vornehmen m\u00fcssen, damit Cookies auf Ihrem Computer gespeichert werden k\u00f6nnen. Wenn Sie die Speicherung von Cookies deaktivieren m\u00f6chten, so k\u00f6nnen Sie weitere Informationen hierzu der Hilfe-Funktion in der Men\u00fcleiste Ihres Browsers entnehmen. Bitte beachten Sie aber, dass das Abschalten von Cookies die Nutzung der Webseite erheblich einschr\u00e4nken kann.<\/p>\n<p>&nbsp;<\/p>\n<p><strong>Datenschutz in Verbindung mit Facebook Social PlugIns<\/strong><\/p>\n<p>Unser Internetauftritt verwendet Social Plugins (z. B. den Facebook-Like-Button) des sozialen Netzwerkes facebook.com, welches von der Facebook Inc., 1601 S. California Ave, Palo Alto, CA 94304, USA betrieben wird (\u201cFacebook\u201d). Eine Auflistung und das Aussehen dieser Plugins von Facebook kann unter der nachfolgenden Internetadresse eingesehen werden.<\/p>\n<p>&nbsp;<\/p>\n<p><strong>Facebook-Plugin<\/strong><\/p>\n<p>Wenn Sie eine Webseite aufrufen, die ein solches Plugin enth\u00e4lt, baut Ihr Browser eine direkte Verbindung mit den Servern von Facebook auf. Der Inhalt des Plugins wird von Facebook direkt an Ihren Browser \u00fcbermittelt und von diesem in die Webseite eingebunden. Durch die Einbindung der Plugins erh\u00e4lt Facebook die Information, dass Sie die entsprechende Seite unseres Internetauftritts aufgerufen haben. Dazu wird Ihre IP-Adresse an Facebook \u00fcbermittelt. Sind Sie bei Facebook eingeloggt, kann Facebook den Besuch Ihrem Facebook-Konto zuordnen. Wenn Sie mit den Plugins interagieren, zum Beispiel den \u201cGef\u00e4llt mir\u201d Button bet\u00e4tigen oder einen Kommentar abgeben, wird die entsprechende Information von Ihrem Browser direkt an Facebook \u00fcbermittelt und dort gespeichert.<\/p>\n<p>Um das \u00dcbermitteln und Speichern von Daten \u00fcber Sie und Ihr Surfverhalten durch Facebook zu verhindern, m\u00fcssen Sie sich bei Facebook ausloggen, bevor Sie unsere Internetpr\u00e4senz besuchen. Um die Datenerhebung und \u2013weitergabe Ihrer Besucherdaten durch Facebook-Plugins f\u00fcr die Zukunft zu blocken, k\u00f6nnen Sie f\u00fcr einige Internetbrowser unter nachfolgendem Link ein Browser-Add-On von &#8220;Facebook Blocker&#8221; beziehen, bitte l\u00f6schen Sie das Browser-Add-On nicht, solange Sie die Facebook-Plugins blocken m\u00f6chten.<\/p>\n<p>&nbsp;<\/p>\n<p><strong>Facebook-Blocker<\/strong><\/p>\n<p>Zweck und Umfang der Datenerhebung und die weitere Verarbeitung und Nutzung der Daten durch Facebook sowie Ihre diesbez\u00fcglichen Rechte und Einstellungsm\u00f6glichkeiten zum Schutz Ihrer Privatssph\u00e4re entnehmen Sie bitte den Datenschutzhinweisen von Facebook.<\/p>\n<p>&nbsp;<\/p>\n<p><strong>Google+<\/strong><\/p>\n<p>Unser Internetauftritt verwendet die \u201e+1\u201c-Schaltfl\u00e4che des Anbieters Google+ der Firma Google Inc., 1600 Amphitheatre Parkway, Mountain View, CA 94043 USA, nachfolgend \u201eGoogle\u201c.<\/p>\n<p>Bei jedem einzelnen Abruf unserer Webseite, die eine \u201e+1\u201c-Schaltfl\u00e4che aufweist, veranlasst diese Schaltfl\u00e4che, dass Ihr Browser eine entsprechende Darstellung der Schaltfl\u00e4che von Google herunterl\u00e4dt. So wird Google dar\u00fcber in Kenntnis gesetzt, welche konkrete Seite unseres Internetauftrittes gerade besucht wird. Sollten Sie w\u00e4hrend des Besuchs unseres Internetauftritts nicht in Ihrem Google-Konto eingeloggt sein, erfolgt keine weitergehende Auswertung Ihres Besuchs durch Google.<\/p>\n<p>Sind Sie bei Ihrem Besuch unseres Internetauftritts in Ihrem Google-Konto eingeloggt, kann Google bei dem Best\u00e4tigen des \u201e+1\u2033-Buttons Informationen \u00fcber Ihren Google-Account, die von Ihnen weiterempfohlene Webseite sowie Ihre IP-Adresse und andere browserbezogene Informationen erfassen. Auf diese Weise kann Ihre \u201e+1\u201c-Empfehlung gespeichert und \u00f6ffentlich zug\u00e4nglich gemacht werden. Ihre Google \u201e+1\u201c-Empfehlung einer unserer Websites kann dann als Hinweis zusammen mit Ihrem Account-Namen und gegebenenfalls mit Ihrem bei Google hinterlegten Foto in Google-Diensten, wie in den Suchergebnissen, in Ihrem Google-Konto oder an sonstigen Stellen, wie z.B. auf Webseiten oder Anzeigen im Internet eingeblendet werden. Ihr Besuch auf unserer Seite kann von Google mit Ihren bei Google gespeicherten Daten verkn\u00fcpft werden. M\u00f6chten Sie die Erfassung durch Google unterbinden, m\u00fcssen Sie sich vor dem Besuch unseres Internetauftrittes aus Ihrem Google-Konto abmelden.<\/p>\n<p>Die Datenschutzhinweise von Google zur \u201e+1\u201c-Schaltfl\u00e4che mit allen weiteren Informationen zur Erhebung, Weitergabe und Nutzung von Daten durch Google, zu Ihren diesbez\u00fcglichen Rechten sowie zu Ihren Profileinstellungsm\u00f6glichkeiten k\u00f6nnen Sie hier abrufen:<a href=\"https:\/\/developers.google.com\/+\/web\/buttons-policy\">https:\/\/developers.google.com\/+\/web\/buttons-policy<\/a><\/p>\n<p>&nbsp;<\/p>\n<p><strong>Twitter<\/strong><\/p>\n<p>Wir binden in diesem Internetauftritt Funktionen des Dienstes Twitter ein. Diese Funktionen werden angeboten durch die Twitter Inc., Twitter, Inc. 1355 Market St, Suite 900, San Francisco, CA 94103, USA. Durch das Benutzen von Twitter und der Funktion \u201eRe-Tweet\u201c werden die von Ihnen besuchten Webseiten mit Ihrem Twitter-Account verkn\u00fcpft und anderen Nutzern bekannt gegeben, wobei auch Daten an Twitter \u00fcbertragen werden.<\/p>\n<p>Wir haben keinen Einfluss auf den Umfang der Daten, die Twitter mittels des Plugin erhebt, noch Kenntnis \u00fcber die Details der \u00dcbertragung an und die weitere Nutzung durch Twitter. Informationen dazu finden Sie in der Datenschutzerkl\u00e4rung von Twitter unter dem Link <a href=\"http:\/\/twitter.com\/privacy\">http:\/\/twitter.com\/privacy<\/a>.<\/p>\n<p>\u00c4nderungen Ihrer Datenschutzeinstellungen bei Twitter k\u00f6nnen Sie in den Konto-Einstellungen unter <a href=\"http:\/\/twitter.com\/account\/settings\">http:\/\/twitter.com\/account\/settings<\/a> vornehmen.<\/p>\n<p>&nbsp;<\/p>\n","protected":false},"excerpt":{"rendered":"<p>Datenschutzhinweise oder Datenschutzerkl\u00e4rung &nbsp; Herzlich willkommen \u2013 wir freuen uns \u00fcber Ihren Besuch auf unserer Webseite. Der Schutz Ihrer pers\u00f6nlichen Daten ist uns sehr wichtig. Wir m\u00f6chten Ihnen nachfolgend erl\u00e4utern, welche Daten wir wann und zu welchem Zweck erheben, verarbeiten und nutzen. &nbsp; Verarbeitung Ihrer Daten Diese Website benutzt Google Analytics, einen Webanalysedienst der Google [&hellip;]<\/p>\n","protected":false},"author":3,"featured_media":0,"parent":0,"menu_order":0,"comment_status":"closed","ping_status":"closed","template":"","meta":{"footnotes":""},"class_list":["post-3933","page","type-page","status-publish","hentry"],"_links":{"self":[{"href":"https:\/\/mentora-sprachschule.de\/en\/wp-json\/wp\/v2\/pages\/3933","targetHints":{"allow":["GET"]}}],"collection":[{"href":"https:\/\/mentora-sprachschule.de\/en\/wp-json\/wp\/v2\/pages"}],"about":[{"href":"https:\/\/mentora-sprachschule.de\/en\/wp-json\/wp\/v2\/types\/page"}],"author":[{"embeddable":true,"href":"https:\/\/mentora-sprachschule.de\/en\/wp-json\/wp\/v2\/users\/3"}],"replies":[{"embeddable":true,"href":"https:\/\/mentora-sprachschule.de\/en\/wp-json\/wp\/v2\/comments?post=3933"}],"version-history":[{"count":0,"href":"https:\/\/mentora-sprachschule.de\/en\/wp-json\/wp\/v2\/pages\/3933\/revisions"}],"wp:attachment":[{"href":"https:\/\/mentora-sprachschule.de\/en\/wp-json\/wp\/v2\/media?parent=3933"}],"curies":[{"name":"wp","href":"https:\/\/api.w.org\/{rel}","templated":true}]}}