{"id":3931,"date":"2015-11-29T21:14:18","date_gmt":"2015-11-29T19:14:18","guid":{"rendered":"http:\/\/mentora-sprachschule.de\/en\/?page_id=3931"},"modified":"2019-02-07T03:52:20","modified_gmt":"2019-02-07T01:52:20","slug":"imprint","status":"publish","type":"page","link":"https:\/\/mentora-sprachschule.de\/en\/imprint\/","title":{"rendered":"Imprint"},"content":{"rendered":"<h1>Impressum<\/h1>\n<p>UGUR Bildungsgesellschaft gmbH<br \/>\nVerantwortlich i. S. d. P.<br \/>\nTurgut T\u00fcl\u00fc<br \/>\nHeinrich-Heine-Stra\u00dfe 15<br \/>\n10179 Berlin<br \/>\nGermany<\/p>\n<h3>Haftungshinweis:<\/h3>\n<p>Trotz sorgf\u00e4ltiger inhaltlicher Kontrolle \u00fcbernehmen wir keine Haftung f\u00fcr die Inhalte externer Links. F\u00fcr den Inhalt der verlinkten Seiten sind ausschlie\u00dflich deren Betreiber verantwortlich.<\/p>\n","protected":false},"excerpt":{"rendered":"<p>Impressum UGUR Bildungsgesellschaft gmbH Verantwortlich i. S. d. P. Turgut T\u00fcl\u00fc Heinrich-Heine-Stra\u00dfe 15 10179 Berlin Germany Haftungshinweis: Trotz sorgf\u00e4ltiger inhaltlicher Kontrolle \u00fcbernehmen wir keine Haftung f\u00fcr die Inhalte externer Links. F\u00fcr den Inhalt der verlinkten Seiten sind ausschlie\u00dflich deren Betreiber verantwortlich.<\/p>\n","protected":false},"author":3,"featured_media":0,"parent":0,"menu_order":0,"comment_status":"closed","ping_status":"closed","template":"","meta":{"footnotes":""},"class_list":["post-3931","page","type-page","status-publish","hentry"],"_links":{"self":[{"href":"https:\/\/mentora-sprachschule.de\/en\/wp-json\/wp\/v2\/pages\/3931","targetHints":{"allow":["GET"]}}],"collection":[{"href":"https:\/\/mentora-sprachschule.de\/en\/wp-json\/wp\/v2\/pages"}],"about":[{"href":"https:\/\/mentora-sprachschule.de\/en\/wp-json\/wp\/v2\/types\/page"}],"author":[{"embeddable":true,"href":"https:\/\/mentora-sprachschule.de\/en\/wp-json\/wp\/v2\/users\/3"}],"replies":[{"embeddable":true,"href":"https:\/\/mentora-sprachschule.de\/en\/wp-json\/wp\/v2\/comments?post=3931"}],"version-history":[{"count":0,"href":"https:\/\/mentora-sprachschule.de\/en\/wp-json\/wp\/v2\/pages\/3931\/revisions"}],"wp:attachment":[{"href":"https:\/\/mentora-sprachschule.de\/en\/wp-json\/wp\/v2\/media?parent=3931"}],"curies":[{"name":"wp","href":"https:\/\/api.w.org\/{rel}","templated":true}]}}