{"id":3842,"date":"2015-11-29T00:36:23","date_gmt":"2015-11-28T22:36:23","guid":{"rendered":"http:\/\/mentora-sprachschule.de\/en\/internationale-studenten\/"},"modified":"2017-05-09T17:38:52","modified_gmt":"2017-05-09T15:38:52","slug":"international","status":"publish","type":"page","link":"https:\/\/mentora-sprachschule.de\/en\/international\/","title":{"rendered":"International"},"content":{"rendered":"<div id='av_section_1'  class='avia-section av-av_section-79a9b9daeb2bf4314d7420eaeb4fcf7b main_color avia-section-default avia-no-shadow  avia-builder-el-0  avia-builder-el-no-sibling  avia-bg-style-scroll container_wrap sidebar_right'  ><div class='container av-section-cont-open' ><main  role=\"main\" itemprop=\"mainContentOfPage\"  class='template-page content  av-content-small alpha units'><div class='post-entry post-entry-type-page post-entry-3842'><div class='entry-content-wrapper clearfix'>\n\n<style type=\"text\/css\" data-created_by=\"avia_inline_auto\" id=\"style-css-av-av_two_third-141c9be4ed45f2131e8a782f46d527d5\">\n.flex_column.av-av_two_third-141c9be4ed45f2131e8a782f46d527d5{\nborder-radius:0px 0px 0px 0px;\npadding:0px 0px 0px 0px;\n}\n<\/style>\n<div  class='flex_column av-av_two_third-141c9be4ed45f2131e8a782f46d527d5 av_two_third  avia-builder-el-1  el_before_av_one_third  avia-builder-el-first  first flex_column_div av-zero-column-padding  '     ><p>\n<style type=\"text\/css\" data-created_by=\"avia_inline_auto\" id=\"style-css-av-av_heading-674960f973af0a6d2ab5b40916c81867\">\n#top .av-special-heading.av-av_heading-674960f973af0a6d2ab5b40916c81867{\npadding-bottom:10px;\n}\nbody .av-special-heading.av-av_heading-674960f973af0a6d2ab5b40916c81867 .av-special-heading-tag .heading-char{\nfont-size:25px;\n}\n.av-special-heading.av-av_heading-674960f973af0a6d2ab5b40916c81867 .av-subheading{\nfont-size:15px;\n}\n<\/style>\n<div  class='av-special-heading av-av_heading-674960f973af0a6d2ab5b40916c81867 av-special-heading-h1 blockquote modern-quote  avia-builder-el-2  el_before_av_slideshow  avia-builder-el-first '><h1 class='av-special-heading-tag '  itemprop=\"headline\"  >Unser Angebot f\u00fcr internationale Studenten<\/h1><div class=\"special-heading-border\"><div class=\"special-heading-inner-border\"><\/div><\/div><\/div><br \/>\n<div  class='avia-slideshow av-av_slideshow-1a42e31ff53dfe65dbabc2f33a0bcf59 avia-slideshow-no scaling av_slideshow avia-slide-slider  avia-builder-el-3  el_after_av_heading  el_before_av_textblock  av-slideshow-ui av-slideshow-manual av-loop-once av-loop-manual-endless av-default-height-applied avia-slideshow-1' data-slideshow-options=\"{&quot;animation&quot;:&quot;slide&quot;,&quot;autoplay&quot;:false,&quot;loop_autoplay&quot;:&quot;once&quot;,&quot;interval&quot;:5,&quot;loop_manual&quot;:&quot;manual-endless&quot;,&quot;autoplay_stopper&quot;:false,&quot;noNavigation&quot;:false,&quot;bg_slider&quot;:false,&quot;keep_padding&quot;:false,&quot;hoverpause&quot;:false,&quot;show_slide_delay&quot;:0}\"  itemprop=\"image\" itemscope=\"itemscope\" itemtype=\"https:\/\/schema.org\/ImageObject\" ><ul class='avia-slideshow-inner ' style='padding-bottom: 75%;'><li  class='avia-slideshow-slide av-av_slideshow-1a42e31ff53dfe65dbabc2f33a0bcf59__0  av-single-slide slide-1 slide-odd'><div data-rel='slideshow-1' class='avia-slide-wrap '   ><img decoding=\"async\" fetchpriority=\"high\" class=\"wp-image-3695 avia-img-lazy-loading-not-3695\"  src=\"https:\/\/mentora-sprachschule.de\/wp-content\/uploads\/2015\/11\/International-Students.jpg\" width=\"780\" height=\"585\" title='International-Students' alt=''  itemprop=\"thumbnailUrl\" srcset=\"https:\/\/mentora-sprachschule.de\/wp-content\/uploads\/2015\/11\/International-Students.jpg 780w, https:\/\/mentora-sprachschule.de\/wp-content\/uploads\/2015\/11\/International-Students-300x225.jpg 300w, https:\/\/mentora-sprachschule.de\/wp-content\/uploads\/2015\/11\/International-Students-705x529.jpg 705w, https:\/\/mentora-sprachschule.de\/wp-content\/uploads\/2015\/11\/International-Students-450x338.jpg 450w\" sizes=\"(max-width: 780px) 100vw, 780px\" \/><\/div><\/li><\/ul><\/div><br \/>\n<section  class='av_textblock_section av-av_textblock-0366cc7376be6c9e82a3e9cc8987b64f '   itemscope=\"itemscope\" itemtype=\"https:\/\/schema.org\/CreativeWork\" ><div class='avia_textblock'  itemprop=\"text\" ><p><strong>An der Mentora Sprachschule ist es uns sehr wichtig, unsere internationalen Sprachsch\u00fcler im Vorfeld bei allen administrativen und b\u00fcrokratischen Schritten f\u00fcr ein Sprachaufenthalt in Deutschland zu unterst\u00fctzen.<\/strong><\/p>\n<p>Wir m\u00f6chten\u00a0sicherstellen, dass unsere zuk\u00fcnftigen Sch\u00fcler alle erforderlichen Dokumente f\u00fcr die Gew\u00e4hrung eines deutschen Visums rechtzeitig erhalten. Dazu z\u00e4hlt zum Beispiel der <strong>Zulassungsbescheid<\/strong> aber auch die <strong>Best\u00e4tigung \u00fcber die Buchung einer Unterkunft<\/strong> in unseren <a href=\"https:\/\/mentora-sprachschule.de\/unterkunft\/\">Studenten-Appartements<\/a>. Bitte beachte, dass die <strong>Bearbeitungszeit<\/strong> eines Visums-Antrages durchschnittlich 12 Wochen dauert. Die spezifischen <strong>Visa-Bestimmungen<\/strong> f\u00fcr Deutschland findest du auf der Homepage des <a href=\"https:\/\/www.daad.de\" target=\"_blank\">DAAD<\/a>\u00a0und des <a href=\"http:\/\/www.auswaertiges-amt.de\/\" target=\"_blank\">Ausw\u00e4rtigen Amtes<\/a>.<\/p>\n<p><strong>Visum Information<\/strong><\/p>\n<p>Leider kann die Mentora Sprachschule weder die Genehmigung eines Visums garantieren noch in irgendeiner Form das Ergebnis deiner Visumsbewerbung beeinflussen.\u00a0Bitte informiere\u00a0 dich mindestens 12 Wochen vor deiner Reise \u00fcber die Einreise- und Aufenthaltsbedingungen bei der Vertretung der Bundesrepublik Deutschland in deinem Heimatland: <span class=\"s1\"><a href=\"http:\/\/www.auswaertiges-amt.de\/DE\/Laenderinformationen\/DtAuslandsvertretungenA-Z-Laenderauswahlseite_node.html%22%20%5Ct%20%22extern\">Adressen der deutschen Auslandsvertretungen<\/a><\/span><\/p>\n<p>Wenn du dich\u00a0 f\u00fcr ein Visum bewerben musst, kontaktiere bitte die Deutsche Botschaft oder ein Deutsches Konsulat. Alle Informationen findest du hier: <a href=\"http:\/\/www.auswaertiges-amt.de\/DE\/EinreiseUndAufenthalt\/Visabestimmungen_node.html\">http:\/\/www.auswaertiges-amt.de\/DE\/EinreiseUndAufenthalt\/Visabestimmungen_node.html<\/a><\/p>\n<p>Um eine Visum zu bekommen, ben\u00f6tigst du unter anderem eine Best\u00e4tigung \u00fcber die volle Bezahlung deines Sprachkurses (diese Best\u00e4tigung entspricht der \u201eEinladung\u201c, die von der Botschaft verlangt wird). In manchen L\u00e4ndern musst du eventuell auch bereits vorhandene grundlegende Deutschkenntnisse nachweisen.\u00a0Zus\u00e4tzlich ben\u00f6tigst du eine Best\u00e4tigung einer in Deutschland g\u00fcltigen Kranken- und Unfallversicherung. Bitte stelle daher sicher, dass dein Versicherungsschutz auch im Ausland ausreichend gew\u00e4hrt ist. Ist deine Krankenversicherung im Ausland nicht g\u00fcltig, empfehlen wir dir eine zus\u00e4tzliche Versicherung f\u00fcr deinen\u00a0 Aufenthalt in Deutschland abzuschlie\u00dfen.<\/p>\n<\/div><\/section><br \/>\n<div  class='hr av-av_hr-dcd2069817a0e3d34ae04cad8f3443c7 hr-default  avia-builder-el-5  el_after_av_textblock  el_before_av_textblock '><span class='hr-inner '><span class=\"hr-inner-style\"><\/span><\/span><\/div><br \/>\n<section  class='av_textblock_section av-av_textblock-0366cc7376be6c9e82a3e9cc8987b64f '   itemscope=\"itemscope\" itemtype=\"https:\/\/schema.org\/CreativeWork\" ><div class='avia_textblock'  itemprop=\"text\" ><h3><\/h3>\n<h3><strong>Du bist nicht aus Berlin aber willst einen Sprachkurs hier besuchen<\/strong><strong>? Nimm Kontakt mit uns auf!<br \/>\n<\/strong><\/h3>\n<\/div><\/section><br \/>\n<form action=\"https:\/\/mentora-sprachschule.de\/en\/international\/\" method=\"post\" data-fields-with-error=\"Found errors in the following field(s):\" class=\"avia_ajax_form av-form-labels-visible   avia-builder-el-7  el_after_av_textblock  avia-builder-el-last   \" data-avia-form-id=\"1\" data-avia-redirect='' ><fieldset><p class='  first_form  form_element form_fullwidth' id='element_avia_1_1'><label for=\"avia_1_1\">Name <abbr class=\"required\" title=\"required\">*<\/abbr><\/label> <input name=\"avia_1_1\" class=\"text_input is_empty\" type=\"text\" id=\"avia_1_1\" value=\"\" \/><\/p><p class='  first_form  form_element form_fullwidth' id='element_avia_2_1'><label for=\"avia_2_1\">E-Mail <abbr class=\"required\" title=\"required\">*<\/abbr><\/label> <input name=\"avia_2_1\" class=\"text_input is_email\" type=\"text\" id=\"avia_2_1\" value=\"\" \/><\/p><p class='  first_form  form_element form_fullwidth' id='element_avia_3_1'><label for=\"avia_3_1\">Betreff <abbr class=\"required\" title=\"required\">*<\/abbr><\/label> <input name=\"avia_3_1\" class=\"text_input is_empty\" type=\"text\" id=\"avia_3_1\" value=\"\" \/><\/p><p class='  first_form  form_element form_fullwidth av-last-visible-form-element' id='element_avia_4_1'><label for=\"avia_4_1\" class=\"textare_label hidden textare_label_avia_4_1\">Nachricht <abbr class=\"required\" title=\"required\">*<\/abbr><\/label><textarea  name=\"avia_4_1\" class=\"text_area is_empty\" cols=\"40\" rows=\"7\" id=\"avia_4_1\" ><\/textarea><\/p><p class=\"hidden\"><input type=\"text\" name=\"avia_5_1\" class=\"hidden \" id=\"avia_5_1\" value=\"\" \/><\/p><p class=\"form_element \"><input type=\"hidden\" value=\"1\" name=\"avia_generated_form1\" \/><input type=\"submit\" value=\"Senden\" class=\"button\"  data-sending-label=\"Sending\"\/><\/p><\/fieldset><\/form><div id=\"ajaxresponse_1\" class=\"ajaxresponse ajaxresponse_1 hidden\"><\/div><\/p><\/div>\n<style type=\"text\/css\" data-created_by=\"avia_inline_auto\" id=\"style-css-av-av_one_third-d41bc17945655e81883ce40de949b93f\">\n.flex_column.av-av_one_third-d41bc17945655e81883ce40de949b93f{\nborder-width:1px;\nborder-color:#efefef;\nborder-style:solid;\npadding:20px 20px 20px 20px;\n}\n<\/style>\n<div  class='flex_column av-av_one_third-d41bc17945655e81883ce40de949b93f av_one_third  avia-builder-el-8  el_after_av_two_third  avia-builder-el-last  flex_column_div  '     ><p>\n<style type=\"text\/css\" data-created_by=\"avia_inline_auto\" id=\"style-css-av-av_heading-615d6034488d57eda7faf18ae3158b66\">\n#top .av-special-heading.av-av_heading-615d6034488d57eda7faf18ae3158b66{\npadding-bottom:30px;\n}\nbody .av-special-heading.av-av_heading-615d6034488d57eda7faf18ae3158b66 .av-special-heading-tag .heading-char{\nfont-size:25px;\n}\n.av-special-heading.av-av_heading-615d6034488d57eda7faf18ae3158b66 .av-subheading{\nfont-size:15px;\n}\n<\/style>\n<div  class='av-special-heading av-av_heading-615d6034488d57eda7faf18ae3158b66 av-special-heading-h4 blockquote modern-quote  avia-builder-el-9  el_before_av_icon_box  avia-builder-el-first '><h4 class='av-special-heading-tag '  itemprop=\"headline\"  >Hast du Fragen?<\/h4><div class=\"special-heading-border\"><div class=\"special-heading-inner-border\"><\/div><\/div><\/div><br \/>\n<article  class='iconbox iconbox_left_content av-av_icon_box-503193b4725ae1d18ca223b7beb8c958  avia-builder-el-10  el_after_av_heading  el_before_av_icon_box '  itemscope=\"itemscope\" itemtype=\"https:\/\/schema.org\/CreativeWork\" ><div class='iconbox_icon heading-color avia-iconfont avia-font-entypo-fontello' data-av_icon='' data-av_iconfont='entypo-fontello'  ><\/div><div class=\"iconbox_content\"><header class=\"entry-content-header\" aria-label=\"Icon: Ruf uns an\"><h3 class='iconbox_content_title '  itemprop=\"headline\" >Ruf uns an<\/h3><\/header><div class='iconbox_content_container '  itemprop=\"text\" ><p>+49 30 23385828<\/p>\n<\/div><\/div><footer class=\"entry-footer\"><\/footer><\/article><br \/>\n<article  class='iconbox iconbox_left_content av-av_icon_box-a0204e10de9d11919a68a5fed629cbbb  avia-builder-el-11  el_after_av_icon_box  el_before_av_hr '  itemscope=\"itemscope\" itemtype=\"https:\/\/schema.org\/CreativeWork\" ><div class='iconbox_icon heading-color avia-iconfont avia-font-entypo-fontello' data-av_icon='\ue805' data-av_iconfont='entypo-fontello'  ><\/div><div class=\"iconbox_content\"><header class=\"entry-content-header\" aria-label=\"Icon: Schick uns eine Email!\"><h3 class='iconbox_content_title '  itemprop=\"headline\" >Schick uns eine Email!<\/h3><\/header><div class='iconbox_content_container '  itemprop=\"text\" ><p><a href=\"mailto:hello@mentora-sprachschule.de\">hello@mentora-sprachschule.de<\/a><\/p>\n<\/div><\/div><footer class=\"entry-footer\"><\/footer><\/article><br \/>\n<div  class='hr av-av_hr-dcd2069817a0e3d34ae04cad8f3443c7 hr-default  avia-builder-el-12  el_after_av_icon_box  el_before_av_icon_box '><span class='hr-inner '><span class=\"hr-inner-style\"><\/span><\/span><\/div><br \/>\n<article  class='iconbox iconbox_left_content av-av_icon_box-2a4dd72de8d226364ee4e7054c9818b1  avia-builder-el-13  el_after_av_hr  el_before_av_icon_box '  itemscope=\"itemscope\" itemtype=\"https:\/\/schema.org\/CreativeWork\" ><div class='iconbox_icon heading-color avia-iconfont avia-font-entypo-fontello' data-av_icon='\ue821' data-av_iconfont='entypo-fontello'  ><\/div><div class=\"iconbox_content\"><header class=\"entry-content-header\" aria-label=\"Icon: Erfahre mehr \u00fcber unsere Unterk\u00fcnfte\"><h3 class='iconbox_content_title '  itemprop=\"headline\" >Erfahre mehr \u00fcber unsere Unterk\u00fcnfte<\/h3><\/header><div class='iconbox_content_container '  itemprop=\"text\" ><\/div><\/div><footer class=\"entry-footer\"><\/footer><\/article><br \/>\n<article  class='iconbox iconbox_left_content av-av_icon_box-18a5d7d7f8b49737907be0a1f6ce2b8e  avia-builder-el-14  el_after_av_icon_box  avia-builder-el-last '  itemscope=\"itemscope\" itemtype=\"https:\/\/schema.org\/CreativeWork\" ><a href='https:\/\/mentora-sprachschule.de\/ueber-uns\/' title='Erfahre mehr \u00fcber BAU Global' aria-label='Erfahre mehr \u00fcber BAU Global'  class='iconbox_icon heading-color avia-iconfont avia-font-entypo-fontello' data-av_icon='\ue8b1' data-av_iconfont='entypo-fontello' title=\"Erfahre mehr \u00fcber BAU Global\" desc=\"Erfahre mehr \u00fcber BAU Global\" ><\/a><div class=\"iconbox_content\"><header class=\"entry-content-header\" aria-label=\"Icon: Erfahre mehr \u00fcber BAU Global\"><h3 class='iconbox_content_title '  itemprop=\"headline\" ><a href='https:\/\/mentora-sprachschule.de\/ueber-uns\/' title='Erfahre mehr \u00fcber BAU Global' >Erfahre mehr \u00fcber BAU Global<\/a><\/h3><\/header><div class='iconbox_content_container '  itemprop=\"text\" ><\/div><\/div><footer class=\"entry-footer\"><\/footer><\/article><\/p><\/div><\/div><\/div><\/main><!-- close content main element --><\/div><\/div><div id='after_section_1'  class='main_color av_default_container_wrap container_wrap sidebar_right'  ><div class='container av-section-cont-open' ><div class='template-page content  av-content-small alpha units'><div class='post-entry post-entry-type-page post-entry-3842'><div class='entry-content-wrapper clearfix'>\n","protected":false},"excerpt":{"rendered":"","protected":false},"author":3,"featured_media":0,"parent":0,"menu_order":0,"comment_status":"closed","ping_status":"closed","template":"","meta":{"footnotes":""},"class_list":["post-3842","page","type-page","status-publish","hentry"],"_links":{"self":[{"href":"https:\/\/mentora-sprachschule.de\/en\/wp-json\/wp\/v2\/pages\/3842","targetHints":{"allow":["GET"]}}],"collection":[{"href":"https:\/\/mentora-sprachschule.de\/en\/wp-json\/wp\/v2\/pages"}],"about":[{"href":"https:\/\/mentora-sprachschule.de\/en\/wp-json\/wp\/v2\/types\/page"}],"author":[{"embeddable":true,"href":"https:\/\/mentora-sprachschule.de\/en\/wp-json\/wp\/v2\/users\/3"}],"replies":[{"embeddable":true,"href":"https:\/\/mentora-sprachschule.de\/en\/wp-json\/wp\/v2\/comments?post=3842"}],"version-history":[{"count":0,"href":"https:\/\/mentora-sprachschule.de\/en\/wp-json\/wp\/v2\/pages\/3842\/revisions"}],"wp:attachment":[{"href":"https:\/\/mentora-sprachschule.de\/en\/wp-json\/wp\/v2\/media?parent=3842"}],"curies":[{"name":"wp","href":"https:\/\/api.w.org\/{rel}","templated":true}]}}