{"id":3763,"date":"2015-10-22T01:28:02","date_gmt":"2015-10-21T23:28:02","guid":{"rendered":"http:\/\/mentora-sprachschule.de\/en\/standort\/"},"modified":"2022-02-26T16:12:52","modified_gmt":"2022-02-26T15:12:52","slug":"standort","status":"publish","type":"page","link":"https:\/\/mentora-sprachschule.de\/en\/standort\/","title":{"rendered":"Standort"},"content":{"rendered":"\n<style type=\"text\/css\" data-created_by=\"avia_inline_auto\" id=\"style-css-av-1bs1sr3-f18bc292cdcb990ca761b7e3ff750561\">\n.flex_column.av-1bs1sr3-f18bc292cdcb990ca761b7e3ff750561{\nborder-radius:0px 0px 0px 0px;\npadding:0px 0px 0px 0px;\n}\n<\/style>\n<div  class='flex_column av-1bs1sr3-f18bc292cdcb990ca761b7e3ff750561 av_one_full  avia-builder-el-0  el_before_av_section  avia-builder-el-no-sibling  first flex_column_div av-zero-column-padding  '     ><style type=\"text\/css\" data-created_by=\"avia_inline_auto\" id=\"style-css-av-19qk9jz-f0f1d0332658847feb8cee9da51e8eaa\">\n#top .av-special-heading.av-19qk9jz-f0f1d0332658847feb8cee9da51e8eaa{\npadding-bottom:10px;\n}\nbody .av-special-heading.av-19qk9jz-f0f1d0332658847feb8cee9da51e8eaa .av-special-heading-tag .heading-char{\nfont-size:25px;\n}\n.av-special-heading.av-19qk9jz-f0f1d0332658847feb8cee9da51e8eaa .av-subheading{\nfont-size:15px;\n}\n<\/style>\n<div  class='av-special-heading av-19qk9jz-f0f1d0332658847feb8cee9da51e8eaa av-special-heading-h1 blockquote modern-quote  avia-builder-el-1  avia-builder-el-no-sibling '><h1 class='av-special-heading-tag '  itemprop=\"headline\"  >Unser Standort in Berlin<\/h1><div class=\"special-heading-border\"><div class=\"special-heading-inner-border\"><\/div><\/div><\/div><\/div>\n<\/div><\/div><\/div><!-- close content main div --><\/div><\/div><div id='av_section_1'  class='avia-section av-g19z3-4b79a94fd159c7ef108019367e4ffaa7 main_color avia-section-default avia-no-shadow  avia-builder-el-2  el_after_av_one_full  el_before_av_section  avia-bg-style-scroll container_wrap sidebar_right'  ><div class='container av-section-cont-open' ><div class='template-page content  av-content-small alpha units'><div class='post-entry post-entry-type-page post-entry-3763'><div class='entry-content-wrapper clearfix'>\n\n<style type=\"text\/css\" data-created_by=\"avia_inline_auto\" id=\"style-css-av-16cbbwv-33046707cb7ab2afc427b81b940a254b\">\n.flex_column.av-16cbbwv-33046707cb7ab2afc427b81b940a254b{\nborder-radius:0px 0px 0px 0px;\npadding:0px 0px 0px 0px;\n}\n<\/style>\n<div  class='flex_column av-16cbbwv-33046707cb7ab2afc427b81b940a254b av_two_third  avia-builder-el-3  el_before_av_one_third  avia-builder-el-first  first flex_column_div av-zero-column-padding  '     ><p><div  class='avia-slideshow av-14p5wyn-3f7771a5ba72bdf81390c5457f2f251b avia-slideshow-no scaling av_slideshow avia-slide-slider  avia-builder-el-4  el_before_av_textblock  avia-builder-el-first  av-slideshow-ui av-slideshow-manual av-loop-once av-loop-manual-endless av-default-height-applied avia-slideshow-1' data-slideshow-options=\"{&quot;animation&quot;:&quot;slide&quot;,&quot;autoplay&quot;:false,&quot;loop_autoplay&quot;:&quot;once&quot;,&quot;interval&quot;:5,&quot;loop_manual&quot;:&quot;manual-endless&quot;,&quot;autoplay_stopper&quot;:false,&quot;noNavigation&quot;:false,&quot;bg_slider&quot;:false,&quot;keep_padding&quot;:false,&quot;hoverpause&quot;:false,&quot;show_slide_delay&quot;:0}\"  itemprop=\"image\" itemscope=\"itemscope\" itemtype=\"https:\/\/schema.org\/ImageObject\" ><ul class='avia-slideshow-inner ' style='padding-bottom: 75%;'><li  class='avia-slideshow-slide av-14p5wyn-3f7771a5ba72bdf81390c5457f2f251b__0  av-single-slide slide-1 slide-odd'><div data-rel='slideshow-1' class='avia-slide-wrap '   ><img decoding=\"async\" fetchpriority=\"high\" class=\"wp-image-3714 avia-img-lazy-loading-not-3714\"  src=\"https:\/\/mentora-sprachschule.de\/wp-content\/uploads\/2015\/10\/Studenten-mentora-schprachschule.jpg\" width=\"780\" height=\"585\" title='Studenten-mentora-schprachschule' alt=''  itemprop=\"thumbnailUrl\" srcset=\"https:\/\/mentora-sprachschule.de\/wp-content\/uploads\/2015\/10\/Studenten-mentora-schprachschule.jpg 780w, https:\/\/mentora-sprachschule.de\/wp-content\/uploads\/2015\/10\/Studenten-mentora-schprachschule-300x225.jpg 300w, https:\/\/mentora-sprachschule.de\/wp-content\/uploads\/2015\/10\/Studenten-mentora-schprachschule-705x529.jpg 705w, https:\/\/mentora-sprachschule.de\/wp-content\/uploads\/2015\/10\/Studenten-mentora-schprachschule-450x338.jpg 450w\" sizes=\"(max-width: 780px) 100vw, 780px\" \/><\/div><\/li><\/ul><\/div><br \/>\n<section  class='av_textblock_section av-11jl1vz-6aea775e8cf362568d59ced2828b2119 '   itemscope=\"itemscope\" itemtype=\"https:\/\/schema.org\/CreativeWork\" ><div class='avia_textblock'  itemprop=\"text\" ><h2><\/h2>\n<h2>Ausstattung\u00a0Mentora Sprachschule<\/h2>\n<p>Die Mentora Sprachschule verf\u00fcgt \u00fcber modernste Lehreinrichtungen. Zus\u00e4tzlich zu unseren zahlreichen Klassenr\u00e4umen und einer Event &amp; Video Conference Hall haben wir auch einen Computer-Raum, der bei Bedarf genutzt werden kann. All unsere Klassenzimmer sind mit Beamer, Internetzugang, Whiteboards und einer Tonanlage ausgestattet. Die Event &amp; Video Conference Hall ist zus\u00e4tzlich mit einem innovativen Videokonferenzsystem ausgestattet. So k\u00f6nnen wir gemeinsam mit unseren Sch\u00fclerinnen und Sch\u00fcler in den anderen Standorten unseres globalen Netzwerkes audiovisuell kommunizieren und Erfahrungen austauschen.<\/p>\n<p>Des Weiteren bieten wir unseren Studierenden eine Cafeteria, die gleichzeitig als Aufenthaltsort zur freien Gestaltung der Pausen und zur Vor- und Nachbereitung des Unterrichts genutzt werden kann.<\/p>\n<p>Unsere Partnerhochschule\u00a0<a href=\"https:\/\/www.berlin-international.de\/\">BAU International Berlin<\/a>\u00a0verf\u00fcgt \u00fcber eine Bibliothek, die sich im selben Geb\u00e4ude wie die Mentora Sprachschule befindet. Hier finden alle Sch\u00fclerinnen und Sch\u00fcler einen ruhigen Ort zum Arbeiten. Die Literaturangebote sind schwerpunktm\u00e4\u00dfig auf die angebotenen Studieng\u00e4nge Betriebswirtschaft, Kommunikationsdesign, Innendesign (-architektur) und Produktdesign ausgerichtet. Zus\u00e4tzlich sind auch B\u00fccher zum Sprachenlernen vorhanden, die von den Mentora Sprachsch\u00fclerInnen genutzt werden k\u00f6nnen. Au\u00dferdem verf\u00fcgt die Bibliothek \u00fcber zw\u00f6lf Computerarbeitspl\u00e4tze sowie gro\u00dfe Arbeitspl\u00e4tze, an denen die Studierenden allein oder auch in Gruppen arbeiten k\u00f6nnen. Ein Kopierer sowie WLAN sind vorhanden.<\/p>\n<\/div><\/section><br \/>\n\n<style type=\"text\/css\" data-created_by=\"avia_inline_auto\" id=\"style-css-av-3hyr3z-bc01ffa07443b61aa7c9d3c1c98dfab2\">\n#top .hr.hr-invisible.av-3hyr3z-bc01ffa07443b61aa7c9d3c1c98dfab2{\nheight:30px;\n}\n<\/style>\n<div  class='hr av-3hyr3z-bc01ffa07443b61aa7c9d3c1c98dfab2 hr-invisible  avia-builder-el-6  el_after_av_textblock  avia-builder-el-last '><span class='hr-inner '><span class=\"hr-inner-style\"><\/span><\/span><\/div><\/p><\/div>\n<style type=\"text\/css\" data-created_by=\"avia_inline_auto\" id=\"style-css-av-y6zx0v-c741906cba2d96d7cb570157bcc27d52\">\n.flex_column.av-y6zx0v-c741906cba2d96d7cb570157bcc27d52{\nborder-width:1px;\nborder-color:#efefef;\nborder-style:solid;\npadding:20px 20px 20px 20px;\n}\n<\/style>\n<div  class='flex_column av-y6zx0v-c741906cba2d96d7cb570157bcc27d52 av_one_third  avia-builder-el-7  el_after_av_two_third  avia-builder-el-last  flex_column_div  '     ><p>\n<style type=\"text\/css\" data-created_by=\"avia_inline_auto\" id=\"style-css-av-vrq767-7ebe7c4a9f814cb5cbd086e4d2d8317b\">\n#top .av-special-heading.av-vrq767-7ebe7c4a9f814cb5cbd086e4d2d8317b{\npadding-bottom:30px;\n}\nbody .av-special-heading.av-vrq767-7ebe7c4a9f814cb5cbd086e4d2d8317b .av-special-heading-tag .heading-char{\nfont-size:25px;\n}\n.av-special-heading.av-vrq767-7ebe7c4a9f814cb5cbd086e4d2d8317b .av-subheading{\nfont-size:15px;\n}\n<\/style>\n<div  class='av-special-heading av-vrq767-7ebe7c4a9f814cb5cbd086e4d2d8317b av-special-heading-h4 blockquote modern-quote  avia-builder-el-8  el_before_av_icon_box  avia-builder-el-first '><h4 class='av-special-heading-tag '  itemprop=\"headline\"  >Hast du Fragen zu unserem Standort?<\/h4><div class=\"special-heading-border\"><div class=\"special-heading-inner-border\"><\/div><\/div><\/div><br \/>\n<article  class='iconbox iconbox_left_content av-uk8hfj-f81f8283e10b27f49e49aafc9d42a69e  avia-builder-el-9  el_after_av_heading  el_before_av_icon_box '  itemscope=\"itemscope\" itemtype=\"https:\/\/schema.org\/CreativeWork\" ><div class='iconbox_icon heading-color avia-iconfont avia-font-entypo-fontello' data-av_icon='' data-av_iconfont='entypo-fontello'  ><\/div><div class=\"iconbox_content\"><header class=\"entry-content-header\" aria-label=\"Icon: Ruf uns an\"><h3 class='iconbox_content_title '  itemprop=\"headline\" >Ruf uns an<\/h3><\/header><div class='iconbox_content_container '  itemprop=\"text\" ><p>+49 30 23385828<\/p>\n<\/div><\/div><footer class=\"entry-footer\"><\/footer><\/article><br \/>\n<article  class='iconbox iconbox_left_content av-t5icov-35525eb812d11cc851d7535f89fa88a4  avia-builder-el-10  el_after_av_icon_box  el_before_av_icon_box '  itemscope=\"itemscope\" itemtype=\"https:\/\/schema.org\/CreativeWork\" ><div class='iconbox_icon heading-color avia-iconfont avia-font-entypo-fontello' data-av_icon='\ue805' data-av_iconfont='entypo-fontello'  ><\/div><div class=\"iconbox_content\"><header class=\"entry-content-header\" aria-label=\"Icon: Schick uns eine Email\"><h3 class='iconbox_content_title '  itemprop=\"headline\" >Schick uns eine Email<\/h3><\/header><div class='iconbox_content_container '  itemprop=\"text\" ><p><a href=\"mailto:hello@mentora-sprachschule.de\">hello@mentora-sprachschule.de<\/a><\/p>\n<\/div><\/div><footer class=\"entry-footer\"><\/footer><\/article><br \/>\n<article  class='iconbox iconbox_left_content av-qsmkz3-94f2a26a649ddc3cedf71db6ad3c8ca8  avia-builder-el-11  el_after_av_icon_box  el_before_av_hr '  itemscope=\"itemscope\" itemtype=\"https:\/\/schema.org\/CreativeWork\" ><a href='https:\/\/mentora-sprachschule.de\/registrierung\/' title='Registrierung zum Sprachkurs' aria-label='Registrierung zum Sprachkurs'  class='iconbox_icon heading-color avia-iconfont avia-font-entypo-fontello' data-av_icon='\ue84d' data-av_iconfont='entypo-fontello' title=\"Registrierung zum Sprachkurs\" desc=\"Registrierung zum Sprachkurs\" ><\/a><div class=\"iconbox_content\"><header class=\"entry-content-header\" aria-label=\"Icon: Registrierung zum Sprachkurs\"><h3 class='iconbox_content_title '  itemprop=\"headline\" ><a href='https:\/\/mentora-sprachschule.de\/registrierung\/' title='Registrierung zum Sprachkurs' >Registrierung zum Sprachkurs<\/a><\/h3><\/header><div class='iconbox_content_container '  itemprop=\"text\" ><\/div><\/div><footer class=\"entry-footer\"><\/footer><\/article><br \/>\n\n<style type=\"text\/css\" data-created_by=\"avia_inline_auto\" id=\"style-css-av-p3onhr-2732b80aff4ca37998a00673dfc7170e\">\n#top .hr.hr-invisible.av-p3onhr-2732b80aff4ca37998a00673dfc7170e{\nheight:30px;\n}\n<\/style>\n<div  class='hr av-p3onhr-2732b80aff4ca37998a00673dfc7170e hr-invisible  avia-builder-el-12  el_after_av_icon_box  el_before_av_heading '><span class='hr-inner '><span class=\"hr-inner-style\"><\/span><\/span><\/div><br \/>\n\n<style type=\"text\/css\" data-created_by=\"avia_inline_auto\" id=\"style-css-av-o49czz-9afe94762c61d62a6e22d07a25252465\">\n#top .av-special-heading.av-o49czz-9afe94762c61d62a6e22d07a25252465{\npadding-bottom:10px;\n}\nbody .av-special-heading.av-o49czz-9afe94762c61d62a6e22d07a25252465 .av-special-heading-tag .heading-char{\nfont-size:25px;\n}\n.av-special-heading.av-o49czz-9afe94762c61d62a6e22d07a25252465 .av-subheading{\nfont-size:15px;\n}\n<\/style>\n<div  class='av-special-heading av-o49czz-9afe94762c61d62a6e22d07a25252465 av-special-heading-h3  avia-builder-el-13  el_after_av_hr  el_before_av_toggle_container '><h3 class='av-special-heading-tag '  itemprop=\"headline\"  >Anfahrt und Wegbeschreibung<\/h3><div class=\"special-heading-border\"><div class=\"special-heading-inner-border\"><\/div><\/div><\/div><br \/>\n<div  class='togglecontainer av-mbpjlb-caf12491ebe45634475085cd5b9b13f5  avia-builder-el-14  el_after_av_heading  el_before_av_hr  toggle_close_all' >\n<section class='av_toggle_section av-ks088f-babe064168e15bc6359cc338d3805768'  itemscope=\"itemscope\" itemtype=\"https:\/\/schema.org\/CreativeWork\" ><div role=\"tablist\" class=\"single_toggle\" data-tags=\"{All} \"  ><p id='toggle-toggle-id-1' data-fake-id='#toggle-id-1' class='toggler  av-title-above '  itemprop=\"headline\"  role='tab' tabindex='0' aria-controls='toggle-id-1' data-slide-speed=\"200\" data-title=\"Verkehrsanbindung zur Mentora Sprachschule\" data-title-open=\"\" data-aria_collapsed=\"Click to expand: Verkehrsanbindung zur Mentora Sprachschule\" data-aria_expanded=\"Click to collapse: Verkehrsanbindung zur Mentora Sprachschule\">Verkehrsanbindung zur Mentora Sprachschule<span class=\"toggle_icon\"><span class=\"vert_icon\"><\/span><span class=\"hor_icon\"><\/span><\/span><\/p><div id='toggle-id-1' aria-labelledby='toggle-toggle-id-1' role='region' class='toggle_wrap  av-title-above'  ><div class='toggle_content invers-color '  itemprop=\"text\" ><p>Die Mentora Sprachschule ist sowohl mit der Stra\u00dfenbahn (S-Bahn Jannowitzbr\u00fccke) als auch der U-Bahn (U-Bahn Heinrich-Heine-Stra\u00dfe) sehr gut zu erreichen. Dank des sehr gut ausgebauten \u00f6ffentlichen Verkehrsmittel ist man in Berlin mit Bus, U-Bahn, S-Bahn und Tram sehr mobil. Um dieses zu nutzen kann man an jeder Station Einzeltickets kaufen. Die g\u00fcnstigere und praktischere Alternative sind\u00a0Monatstickets, welche in ausgew\u00e4hlten Verkaufsstellen der <a href=\"http:\/\/www.bvg.de\" target=\"_blank\" rel=\"noopener\">BVG<\/a> (Berliner Verkehrsbetriebe) zu erwerben sind.<\/p>\n<\/div><\/div><\/div><\/section>\n<section class='av_toggle_section av-1y1ajj-3544cebd3622d70ec4bd4949aa1b35e9'  itemscope=\"itemscope\" itemtype=\"https:\/\/schema.org\/CreativeWork\" ><div role=\"tablist\" class=\"single_toggle\" data-tags=\"{All} \"  ><p id='toggle-toggle-id-2' data-fake-id='#toggle-id-2' class='toggler  av-title-above '  itemprop=\"headline\"  role='tab' tabindex='0' aria-controls='toggle-id-2' data-slide-speed=\"200\" data-title=\"Wegbeschreibung von der U-Residence zur Mentora Sprachschule\" data-title-open=\"\" data-aria_collapsed=\"Click to expand: Wegbeschreibung von der U-Residence zur Mentora Sprachschule\" data-aria_expanded=\"Click to collapse: Wegbeschreibung von der U-Residence zur Mentora Sprachschule\">Wegbeschreibung von der U-Residence zur Mentora Sprachschule<span class=\"toggle_icon\"><span class=\"vert_icon\"><\/span><span class=\"hor_icon\"><\/span><\/span><\/p><div id='toggle-id-2' aria-labelledby='toggle-toggle-id-2' role='region' class='toggle_wrap  av-title-above'  ><div class='toggle_content invers-color '  itemprop=\"text\" ><p>Von der <a href=\"https:\/\/mentora-sprachschule.de\/en\/?page_id=3887\" target=\"_blank\">U Residence <\/a>erreichen\u00a0Sie den U-Bahnhof Walther-Schreiber-Platz zu Fu\u00df in 5 Minuten. Nehmen Sie dann die U9 Richtung Osloer Stra\u00dfe und fahren Sie bis zur Uhlandstra\u00dfe. Steigen Sie um auf die U1 Richtung Warschauer Stra\u00dfe und fahren Sie bis zum Kottbusser Tor. Steigen Sie dann erneut um auf die U8 und fahren Sie Richtung Wittenau bis zur Heinrich Heine Stra\u00dfe. Begeben Sie sich dann auf die Stra\u00dfen Ebene und laufen Sie zur Mentor Sprachschule in der Heinrich Heine Stra\u00dfe 15.<\/p>\n<\/div><\/div><\/div><\/section>\n<section class='av_toggle_section av-gytqqn-e61129cce9ff4728f9c68b35cd178db7'  itemscope=\"itemscope\" itemtype=\"https:\/\/schema.org\/CreativeWork\" ><div role=\"tablist\" class=\"single_toggle\" data-tags=\"{All} \"  ><p id='toggle-toggle-id-3' data-fake-id='#toggle-id-3' class='toggler  av-title-above '  itemprop=\"headline\"  role='tab' tabindex='0' aria-controls='toggle-id-3' data-slide-speed=\"200\" data-title=\"Fahrtenplaner der BVG\" data-title-open=\"\" data-aria_collapsed=\"Click to expand: Fahrtenplaner der BVG\" data-aria_expanded=\"Click to collapse: Fahrtenplaner der BVG\">Fahrtenplaner der BVG<span class=\"toggle_icon\"><span class=\"vert_icon\"><\/span><span class=\"hor_icon\"><\/span><\/span><\/p><div id='toggle-id-3' aria-labelledby='toggle-toggle-id-3' role='region' class='toggle_wrap  av-title-above'  ><div class='toggle_content invers-color '  itemprop=\"text\" ><\/div><\/div><\/div><\/section>\n<\/div><br \/>\n\n<style type=\"text\/css\" data-created_by=\"avia_inline_auto\" id=\"style-css-av-g6vfvz-189152d61ed546fd1ad6313e09c6f0fa\">\n#top .hr.hr-invisible.av-g6vfvz-189152d61ed546fd1ad6313e09c6f0fa{\nheight:30px;\n}\n<\/style>\n<div  class='hr av-g6vfvz-189152d61ed546fd1ad6313e09c6f0fa hr-invisible  avia-builder-el-15  el_after_av_toggle_container  el_before_av_heading '><span class='hr-inner '><span class=\"hr-inner-style\"><\/span><\/span><\/div><br \/>\n\n<style type=\"text\/css\" data-created_by=\"avia_inline_auto\" id=\"style-css-av-eb90zz-afae6ce5ecee9205852c9d07bbf7c42c\">\n#top .av-special-heading.av-eb90zz-afae6ce5ecee9205852c9d07bbf7c42c{\npadding-bottom:10px;\n}\nbody .av-special-heading.av-eb90zz-afae6ce5ecee9205852c9d07bbf7c42c .av-special-heading-tag .heading-char{\nfont-size:25px;\n}\n.av-special-heading.av-eb90zz-afae6ce5ecee9205852c9d07bbf7c42c .av-subheading{\nfont-size:15px;\n}\n<\/style>\n<div  class='av-special-heading av-eb90zz-afae6ce5ecee9205852c9d07bbf7c42c av-special-heading-h3  avia-builder-el-16  el_after_av_hr  el_before_av_blog '><h3 class='av-special-heading-tag '  itemprop=\"headline\"  >Aktuelles aus unserem Blog<\/h3><div class=\"special-heading-border\"><div class=\"special-heading-inner-border\"><\/div><\/div><\/div><br \/>\n<div  class='av-alb-blogposts template-blog  av-blog-meta-author-disabled av-blog-meta-comments-disabled '  itemscope=\"itemscope\" itemtype=\"https:\/\/schema.org\/Blog\" >\t<article class=\"entry\">\n\t\t<header class=\"entry-content-header\" aria-label=\"No Posts Found\" >\n<h1 class='post-title entry-title '>Nothing Found<\/h1>\t\t<\/header>\n\n\t\t<p class=\"entry-content\"  itemprop=\"text\" >Sorry, no posts matched your criteria<\/p>\n\n\t\t<footer class=\"entry-footer\"><\/footer>\n\t<\/article>\n\n<div class='single-big'><\/div><\/div><\/p><\/div><\/div><\/div><\/div><!-- close content main div --><\/div><\/div>\n<style type=\"text\/css\" data-created_by=\"avia_inline_auto\" id=\"style-css-av-125yj3-a6118b5d9cd6d8371fc08dffcb5f8572\">\n.avia-section.av-125yj3-a6118b5d9cd6d8371fc08dffcb5f8572{\nbackground-color:#002d7c;\nbackground-image:unset;\n}\n.avia-section.av-125yj3-a6118b5d9cd6d8371fc08dffcb5f8572 .av-section-color-overlay{\nopacity:0.3;\nbackground-color:#ffffff;\nbackground-image:url(https:\/\/mentora-sprachschule.de\/wp-content\/themes\/enfold\/images\/background-images\/diagonal-thin-light.png);\nbackground-repeat:repeat;\n}\n<\/style>\n<div id='av_section_2'  class='avia-section av-125yj3-a6118b5d9cd6d8371fc08dffcb5f8572 main_color avia-section-default avia-no-shadow  avia-builder-el-18  el_after_av_section  el_before_av_google_map  avia-bg-style-scroll av-section-color-overlay-active container_wrap sidebar_right'  ><div class=\"av-section-color-overlay-wrap\"><div class=\"av-section-color-overlay\"><\/div><div class='container av-section-cont-open' ><div class='template-page content  av-content-small alpha units'><div class='post-entry post-entry-type-page post-entry-3763'><div class='entry-content-wrapper clearfix'>\n\n<style type=\"text\/css\" data-created_by=\"avia_inline_auto\" id=\"style-css-av-91x6mn-7781811314b2dc68be99401eecadb129\">\n#top .av-special-heading.av-91x6mn-7781811314b2dc68be99401eecadb129{\npadding-bottom:10px;\ncolor:#ffffff;\n}\nbody .av-special-heading.av-91x6mn-7781811314b2dc68be99401eecadb129 .av-special-heading-tag .heading-char{\nfont-size:25px;\n}\n.av-special-heading.av-91x6mn-7781811314b2dc68be99401eecadb129 .special-heading-inner-border{\nborder-color:#ffffff;\n}\n.av-special-heading.av-91x6mn-7781811314b2dc68be99401eecadb129 .av-subheading{\nfont-size:15px;\n}\n<\/style>\n<div  class='av-special-heading av-91x6mn-7781811314b2dc68be99401eecadb129 av-special-heading-h2 custom-color-heading blockquote modern-quote modern-centered  avia-builder-el-19  avia-builder-el-no-sibling '><h2 class='av-special-heading-tag '  itemprop=\"headline\"  >Wo du uns findest<\/h2><div class=\"special-heading-border\"><div class=\"special-heading-inner-border\"><\/div><\/div><\/div>\n<\/p>\n<div  class='av_gmaps_sc_main_wrap av_gmaps_main_wrap '><div id='av_gmap_0' class='avia-google-map-container avia-google-map-sc av_gmaps_show_unconditionally av-no-fallback-img ' data-mapid='av_gmap_0'  style='height: 500px;'><a class=\"av_gmaps_browser_disabled av_text_confirm_link av_text_confirm_link_visible\" href=\"https:\/\/www.google.com\/maps\/search\/?api=1&#038;query=Heinrich-Heine-Stra\u00dfe%2015%20%20Berlin%20%20Deutschland\" target=\"_blank\">Maps were disabled by the visitor on this site. Click to open the map in a new window.<\/a><\/div><\/div>\n","protected":false},"excerpt":{"rendered":"","protected":false},"author":3,"featured_media":0,"parent":0,"menu_order":0,"comment_status":"closed","ping_status":"closed","template":"","meta":{"footnotes":""},"class_list":["post-3763","page","type-page","status-publish","hentry"],"_links":{"self":[{"href":"https:\/\/mentora-sprachschule.de\/en\/wp-json\/wp\/v2\/pages\/3763","targetHints":{"allow":["GET"]}}],"collection":[{"href":"https:\/\/mentora-sprachschule.de\/en\/wp-json\/wp\/v2\/pages"}],"about":[{"href":"https:\/\/mentora-sprachschule.de\/en\/wp-json\/wp\/v2\/types\/page"}],"author":[{"embeddable":true,"href":"https:\/\/mentora-sprachschule.de\/en\/wp-json\/wp\/v2\/users\/3"}],"replies":[{"embeddable":true,"href":"https:\/\/mentora-sprachschule.de\/en\/wp-json\/wp\/v2\/comments?post=3763"}],"version-history":[{"count":0,"href":"https:\/\/mentora-sprachschule.de\/en\/wp-json\/wp\/v2\/pages\/3763\/revisions"}],"wp:attachment":[{"href":"https:\/\/mentora-sprachschule.de\/en\/wp-json\/wp\/v2\/media?parent=3763"}],"curies":[{"name":"wp","href":"https:\/\/api.w.org\/{rel}","templated":true}]}}